{"id":1312,"date":"2026-03-17T18:17:07","date_gmt":"2026-03-17T18:17:07","guid":{"rendered":"https:\/\/strategic.ec\/web\/?page_id=1312"},"modified":"2026-03-18T20:40:27","modified_gmt":"2026-03-18T20:40:27","slug":"lopd","status":"publish","type":"page","link":"https:\/\/strategic.ec\/web\/lopd\/","title":{"rendered":"lopd"},"content":{"rendered":"\n\n\n<h1 style=\"font-size:42px; font-weight:800; color:#416de1; text-align:center; ;\">\n  Procedimiento para el Ejercicio de Derechos\n<\/h1>\n\n\n\n\n\n\n\n<p style=\"font-size: 23px; line-height: 1.8; color: rgb(75, 85, 99); text-align: center;\">\n  En cumplimiento de la \n  <span style=\"color:#416de1; font-weight:600;\">\n    Ley Org\u00e1nica de Protecci\u00f3n de Datos Personales del Ecuador<\/span>, \n  ponemos a su disposici\u00f3n los mecanismos y canales necesarios para que pueda ejercer sus derechos de manera transparente, segura y conforme a la normativa vigente.\n Los datos personales que usted proporcione ser\u00e1n tratados por \n  <span style=\"color:#416de1; font-weight:600;\">\n    Strategic Thrusts S.A. (\u201cSTRATEGIC\u201d)\n  <\/span> \n  exclusivamente para recibir, gestionar y responder su solicitud de ejercicio de derechos, as\u00ed como para verificar su identidad y mantener constancia de la atenci\u00f3n brindada, conforme a la normativa aplicable. Sus datos no ser\u00e1n utilizados para finalidades distintas a esta.\n<\/p>\n\n\n\n\n\n\n\n\n\n\n\n\n\n\n\n\n\n\n<h2 style=\"font-family: Helvetica; font-size: 20px; line-height: 1.6; color: rgb(255, 255, 255);\">Instrucciones de Procedimie<span style=\"color:#ffffff;\"><\/span>nto<\/h2>\n<h6 style=\"color: rgb(255, 255, 255);\">I<span style=\"color:#ffffff;\">nst<\/span>rucciones de Procedimiento<\/h6>\n<p style=\"color:#4b5563; line-height:1.7; font-size:17px;\"><span style=\"font-family: Helvetica;\"><span style=\"color:#ffffff;\">Conozca el procedimiento detallado para presentar su solicitud, los requisitos legales aplicables y los plazos de respuesta establecidos conforme a la Ley Org\u00e1nica de Protecci\u00f3n de Datos Personales del Ecuador<\/span>.<\/span><\/p>\n\n\n\n\n\n\n\n\n<h2 style=\"font-family: Helvetica; font-size: 20px; line-height: 1.6; color: rgb(1, 23, 42);\">Formulario de Solicitud<\/h2>\n<h6>Formulario de Solicitud<span style=\"color:#01305A;\"><span style=\"\"><\/span><\/span><\/h6>\n<p style=\"color:#4b5563; line-height:1.7; font-size:17px;\">\n  <span style=\"color:#01172A;\">Descargue y complete este formulario oficial para ejercer de manera formal sus derechos de acceso, rectificaci\u00f3n, actualizaci\u00f3n, eliminaci\u00f3n, oposici\u00f3n, portabilidad y dem\u00e1s derechos previstos en la normativa vigente.<\/span>\n<\/p>\n\n\n\n\n\n\n\n\n\n\n\n\n\n\n\n\n\n\n<h2 style=\"color: rgb(65, 109, 225);\">Conversa con nosotros<\/h2>\n\n\n\n\n\n\n\n\n\n\ninfo@strategic.ec\n\n\n\n\n\n(+593) 98 453 0375\n\n\n\n\n\n\n\n\n\n\n\n\n\n\n\n\n<h2 style=\"color: rgb(65, 109, 225);\">Cont\u00e1ctanos<\/h2>\n\n<p style=\"text-align: center; color: rgb(136, 136, 136);\">Sera un gusto atenderte<\/p>\n\n{\u00abtitle\u00bb:\u00bb\u00bb,\u00bballforms\u00bb:\u00bb3&#8243;}\n\n\n\n\n<p class=\"pagelayer-text-holder pagelayer-pen pagelayer-pen-focused\" pagelayer-editable=\"text\" contenteditable=\"true\"><p class=\"info-datos\">\n  <\/p><p><strong>Informaci\u00f3n de capa uno sobre Protecci\u00f3n de Datos<\/strong><\/p>\n\n  <ul>\n    <li><strong>Responsable:<\/strong> STRATEGIC THRUSTS S.A<\/li>\n    <li><strong>Finalidad:<\/strong> Gestionar su solicitud de contacto o el env\u00edo de la informaci\u00f3n requerida.<\/li>\n    <li><strong>Legitimaci\u00f3n:<\/strong> Su consentimiento y\/o el inter\u00e9s leg\u00edtimo en darle respuesta.<\/li>\n    <li><strong>Destinatarios:<\/strong> No se ceder\u00e1n datos a terceros, salvo obligaci\u00f3n legal o a proveedores tecnol\u00f3gicos (AWS), bajo medidas de seguridad y contratos que garantizan la protecci\u00f3n de los datos personales.<\/li>\n    <li>\n      <strong>Derechos:<\/strong> Acceder, rectificar y suprimir sus datos enviando un correo electr\u00f3nico a&nbsp;<span style=\"color: rgb(4, 4, 4);\">info@strategic.ec<\/span><\/li>\n    <li>\n      <strong>Informaci\u00f3n adicional:<\/strong> Consulte nuestra Pol\u00edtica de Protecci\u00f3n de Datos Personales completa \n      <a href=\"https:\/\/www.hazlofacil.ec\/politica-de-proteccion-datos-personales\/\" target=\"_blank\" rel=\"noopener noreferrer\">\n        aqu\u00ed\n      <\/a>.\n    <\/li>\n  <\/ul>\n<\/p>\n\n\n","protected":false},"excerpt":{"rendered":"","protected":false},"author":1,"featured_media":0,"parent":0,"menu_order":0,"comment_status":"closed","ping_status":"closed","template":"","meta":{"pagelayer_contact_templates":[],"_pagelayer_content":"","footnotes":""},"class_list":["post-1312","page","type-page","status-publish","hentry"],"_links":{"self":[{"href":"https:\/\/strategic.ec\/web\/wp-json\/wp\/v2\/pages\/1312","targetHints":{"allow":["GET"]}}],"collection":[{"href":"https:\/\/strategic.ec\/web\/wp-json\/wp\/v2\/pages"}],"about":[{"href":"https:\/\/strategic.ec\/web\/wp-json\/wp\/v2\/types\/page"}],"author":[{"embeddable":true,"href":"https:\/\/strategic.ec\/web\/wp-json\/wp\/v2\/users\/1"}],"replies":[{"embeddable":true,"href":"https:\/\/strategic.ec\/web\/wp-json\/wp\/v2\/comments?post=1312"}],"version-history":[{"count":60,"href":"https:\/\/strategic.ec\/web\/wp-json\/wp\/v2\/pages\/1312\/revisions"}],"predecessor-version":[{"id":1449,"href":"https:\/\/strategic.ec\/web\/wp-json\/wp\/v2\/pages\/1312\/revisions\/1449"}],"wp:attachment":[{"href":"https:\/\/strategic.ec\/web\/wp-json\/wp\/v2\/media?parent=1312"}],"curies":[{"name":"wp","href":"https:\/\/api.w.org\/{rel}","templated":true}]}}