{"id":423,"date":"2023-09-06T18:27:43","date_gmt":"2023-09-06T18:27:43","guid":{"rendered":"https:\/\/strategic.ec\/web\/home\/"},"modified":"2026-02-27T18:29:38","modified_gmt":"2026-02-27T18:29:38","slug":"home","status":"publish","type":"page","link":"https:\/\/strategic.ec\/web\/","title":{"rendered":"Home"},"content":{"rendered":"\n\n\n\n\n\n\n<p style=\"text-align: center; font-size: 19px; \"><span style=\"color:#ffffff;\">Soluciones tecnol\u00f3gicas que garantizan movilidad segura, control operativo y transacciones confiables<\/span><\/p>\n\n\n\n\n\n\n\n\n\n\n\n\n\n\n\n\n\n\n\n\n\n\n\n\n\n\n\n\n\n\n\n\n\n\n\n\n\n\n\n\n<p style=\"margin:0; text-align:center; color:white;\">\n  <span style=\"display:block; font-size:45px; font-weight:700;\">\n    2000+\n  <\/span>\n  <span style=\"display:block; font-size:24px; font-weight:400;\">\n    Rutas monitoreadas\n  <\/span>\n<\/p>\n\n\n<p style=\"margin:0; text-align:center; color:white;\">\n  <span style=\"display:block; font-size:45px; font-weight:700;\">100+\n  <\/span>\n  <span style=\"display:block; font-size:24px; font-weight:400;\">Proyectos exitosos<\/span>\n<\/p>\n\n\n<p style=\"margin:0; text-align:center; color:white;\">\n  <span style=\"display:block; font-size:45px; font-weight:700;\">5000+\n  <\/span>\n  <span style=\"display:block; font-size:24px; font-weight:400;\">Clientes satisfechos<\/span>\n<\/p>\n\n\n\n\n\n\nSeguridad en cada movimiento\n\n\n\n\n\n\n\n<p style=\"font-size: clamp(18px, 4vw, 20px); font-weight: 600; color: #111827; margin: 0 0 0.5rem 0;\">\u00bfQui\u00e9nes somos?<\/p>\n<p style=\"font-size: 15px; color: #374151;\">Strategic Thrusts es una empresa tecnol\u00f3gica especializada en impulsar la transformaci\u00f3n digital de organizaciones a trav\u00e9s de soluciones seguras e inteligentes.<\/p>\n<p style=\"font-size: clamp(18px, 4vw, 20px); font-weight: 600; color: #111827; margin: 0 0 0.5rem 0;\">\u00bfQu\u00e9 hacemos?<\/p>\n<p style=\"font-size: 15px; color: #374151;\">Desarrollamos e integramos plataformas de rastreo, control vehicular,\nseguridad perimetral, monitoreo en tiempo real, firma electr\u00f3nica,\nvalidaci\u00f3n de identidad y facturaci\u00f3n digital.<\/p>\n<p style=\"font-size: clamp(18px, 4vw, 20px); font-weight: 600; color: #111827; margin: 0 0 0.5rem 0;\">\u00bfPara qu\u00e9 lo hacemos?<\/p>\n<p style=\"font-size: 15px; color: #374151;\">Para que empresas e instituciones optimicen procesos, protejan sus\nactivos y personas, y generen confianza en cada movimiento y\ntransacci\u00f3n. Todo esto con un enfoque estrat\u00e9gico, \u00e1gil y personalizado.<\/p>\n\n\n\n\n\n\n\n\n\nDescubre lo que nuestros productos pueden hacer por ti\n\n\n\n\n\n\n\n\n\n\n<h6>Rastreo<\/h6>\n<div style=\"text-align: center;\">\n  <a href=\"https:\/\/www.bschool-global.com\/bschool-rutas\/\" style=\"color: blue; font-size: 13px;\" target=\"_blank\" rel=\"noopener\">\n    M\u00e1s informaci\u00f3n&#8230;\n  <\/a>\n<\/div>\n\n\n\n\n\n\n\n<h6>Control de acceso<\/h6>\n<div style=\"text-align: center;\">\n  <a href=\"https:\/\/www.bschool-global.com\/bschool-acceso\/\" style=\"color: blue; font-size: 13px;\" target=\"_blank\" rel=\"noopener\">\n    M\u00e1s informaci\u00f3n&#8230;\n  <\/a>\n<\/div>\n\n\n\n\n\n\n\n<h6>Finanzas Transporte<\/h6>\n<div style=\"text-align: center;\">\n  <a href=\"https:\/\/www.bschool-global.com\/bschool-finanzas\/\" style=\"color: blue; font-size: 13px;\" target=\"_blank\" rel=\"noopener\">\n    M\u00e1s informaci\u00f3n&#8230;\n  <\/a>\n<\/div>\n\n\n\n\n\n\n\n<h6>Facturaci\u00f3n electr\u00f3nica<\/h6>\n<div style=\"text-align: center;\">\n  <a href=\"https:\/\/www.hazlofacil.ec\/factura-facil\/\" style=\"color: blue; font-size: 13px;\" target=\"_blank\" rel=\"noopener\">\n    M\u00e1s informaci\u00f3n&#8230;\n  <\/a>\n<\/div>\n\n\n\n\n\n\n\n\n\n\n\n\n\n\n\n<h4 style=\"color: rgb(230, 0, 0);\"><span style=\"color:#0e0a46ee;\">Contacta al&nbsp;equipo de ventas<\/span><span style=\"color:#0e0a46ee;\"><span style=\"\"><\/span><\/span><\/h4>\n<p><strong style=\"font-size: large;\"><\/strong><\/p><span style=\"line-height: 2;\"><p><strong style=\"font-size: large;\">\u00a1Impulsa tu negocio con Strategic Thrusts! \ud83d\ude80<\/strong><\/p>\n<font size=\"4\">Estamos listos para guiarte hacia las mejores soluciones.<br> <strong>Cont\u00e1ctanos: <\/strong> Lunes a Viernes &#8211; 8:30 AM a 5:30 PM<\/font><br> <font size=\"4\">\n<strong>\u00a1No esperes m\u00e1s! <\/strong>Descubre c\u00f3mo podemos ayudarte a alcanzar tus metas.<\/font><\/span><font size=\"4\"><\/font>\n\n\n\n\n\n\n\n<p style=\"text-align: center; font-size: 3em; color: #01305A;\"><strong>Nuestros Clientes<\/strong><\/p>\n\n<p style=\"text-align: center; font-size: xx-large; color: rgb(0, 0, 0);\">QUITO<\/p>\n\n\n\n\n\n\n\n\n\n\n\n\n\n\n\n\n\n<p style=\"text-align: center; font-size: xx-large; color: rgb(0, 0, 0);\">GUAYAQUIL<\/p>\n\n\n\n\n\n\n\n\n\n\n\n\n\n\n<h2>Cont\u00e1ctanos<\/h2>\n\n<p style=\"text-align: center; color: rgb(136, 136, 136);\">Sera un gusto atenderte<\/p>\n\n\n\n<br>\n\n\n<br>\n\n\n{\u00abtitle\u00bb:\u00bb\u00bb,\u00bballforms\u00bb:\u00bb1&#8243;}\n\n\n\n\n<p><strong>Informaci\u00f3n de capa uno sobre Protecci\u00f3n de Datos<\/strong><\/p>\n\n<ul>\n    <li><strong>Responsable:<\/strong>&nbsp;STRATEGIC THRUSTS S.A<\/li>\n    <li><strong>Finalidad:<\/strong> Gestionar su solicitud de contacto o el env\u00edo de la informaci\u00f3n requerida.<\/li>\n    <li><strong>Legitimaci\u00f3n:<\/strong> Su consentimiento y\/o el inter\u00e9s leg\u00edtimo en darle respuesta.<\/li>\n    <li><strong>Destinatarios:<\/strong> No se ceder\u00e1n datos a terceros, salvo obligaci\u00f3n legal o a proveedores tecnol\u00f3gicos (AWS), bajo medidas de seguridad y contratos que garantizan la protecci\u00f3n de los datos personales.<\/li>\n    <li>\n      <strong>Derechos:<\/strong> Acceder, rectificar y suprimir sus datos enviando un correo electr\u00f3nico a&nbsp;info@strategic.ec<\/li>\n    <li>\n      <strong>Informaci\u00f3n adicional:<\/strong> Consulte nuestra Pol\u00edtica de Protecci\u00f3n de Datos Personales completa \n      <a href=\"https:\/\/www.hazlofacil.ec\/politica-de-proteccion-datos-personales\/\" target=\"_blank\" rel=\"noopener noreferrer\">\n        aqu\u00ed\n      <\/a>.\n    <\/li>\n  <\/ul>\n\n\n","protected":false},"excerpt":{"rendered":"","protected":false},"author":1,"featured_media":0,"parent":0,"menu_order":0,"comment_status":"closed","ping_status":"closed","template":"","meta":{"pagelayer_contact_templates":[],"_pagelayer_content":"","footnotes":""},"class_list":["post-423","page","type-page","status-publish","hentry"],"_links":{"self":[{"href":"https:\/\/strategic.ec\/web\/wp-json\/wp\/v2\/pages\/423","targetHints":{"allow":["GET"]}}],"collection":[{"href":"https:\/\/strategic.ec\/web\/wp-json\/wp\/v2\/pages"}],"about":[{"href":"https:\/\/strategic.ec\/web\/wp-json\/wp\/v2\/types\/page"}],"author":[{"embeddable":true,"href":"https:\/\/strategic.ec\/web\/wp-json\/wp\/v2\/users\/1"}],"replies":[{"embeddable":true,"href":"https:\/\/strategic.ec\/web\/wp-json\/wp\/v2\/comments?post=423"}],"version-history":[{"count":96,"href":"https:\/\/strategic.ec\/web\/wp-json\/wp\/v2\/pages\/423\/revisions"}],"predecessor-version":[{"id":1310,"href":"https:\/\/strategic.ec\/web\/wp-json\/wp\/v2\/pages\/423\/revisions\/1310"}],"wp:attachment":[{"href":"https:\/\/strategic.ec\/web\/wp-json\/wp\/v2\/media?parent=423"}],"curies":[{"name":"wp","href":"https:\/\/api.w.org\/{rel}","templated":true}]}}